{"id":48,"date":"2021-04-16T08:48:11","date_gmt":"2021-04-16T08:48:11","guid":{"rendered":"http:\/\/gamalanmecanizados.com\/?page_id=48"},"modified":"2025-06-16T09:20:35","modified_gmt":"2025-06-16T09:20:35","slug":"calidad","status":"publish","type":"page","link":"https:\/\/gamalanmecanizados.com\/index.php\/calidad\/","title":{"rendered":"Calidad"},"content":{"rendered":"\t\t<div data-elementor-type=\"wp-page\" data-elementor-id=\"48\" class=\"elementor elementor-48\" data-elementor-settings=\"[]\">\n\t\t\t\t\t\t\t<div class=\"elementor-section-wrap\">\n\t\t\t\t\t\t\t<section class=\"elementor-section elementor-top-section elementor-element elementor-element-6f895f0d elementor-section-height-min-height elementor-section-content-middle elementor-reverse-mobile elementor-section-boxed elementor-section-height-default elementor-section-items-middle\" data-id=\"6f895f0d\" data-element_type=\"section\" data-settings=\"{&quot;background_background&quot;:&quot;classic&quot;}\">\n\t\t\t\t\t\t\t<div class=\"elementor-background-overlay\"><\/div>\n\t\t\t\t\t\t\t<div class=\"elementor-container elementor-column-gap-no\">\n\t\t\t\t\t<div class=\"elementor-column elementor-col-50 elementor-top-column elementor-element elementor-element-12621dc\" data-id=\"12621dc\" data-element_type=\"column\">\n\t\t\t<div class=\"elementor-widget-wrap elementor-element-populated\">\n\t\t\t\t\t\t\t\t<div class=\"elementor-element elementor-element-2f961b14 elementor-widget elementor-widget-heading\" data-id=\"2f961b14\" data-element_type=\"widget\" data-widget_type=\"heading.default\">\n\t\t\t\t<div class=\"elementor-widget-container\">\n\t\t\t<h2 class=\"elementor-heading-title elementor-size-small\">Certificaci\u00f3n en el Sistema de Gesti\u00f3n ISO 9001:2015<\/h2>\t\t<\/div>\n\t\t\t\t<\/div>\n\t\t\t\t<div class=\"elementor-element elementor-element-2351fa15 elementor-widget elementor-widget-text-editor\" data-id=\"2351fa15\" data-element_type=\"widget\" data-widget_type=\"text-editor.default\">\n\t\t\t\t<div class=\"elementor-widget-container\">\n\t\t\t\t\t\t\t\t<p><span style=\"color: #ccffff;\"><span style=\"font-size: 11pt; font-family: Calibri, sans-serif;\">La Direcci\u00f3n de\u00a0<b style=\"box-sizing: border-box;\">GAMALAN MECANIZADOS S.L.\u00a0<\/b>enfoca el Sistema de Gesti\u00f3n como una manera de organizar el funcionamiento de la empresa partiendo de unos pilares b\u00e1sicos como son la Calidad de sus productos, la satisfacci\u00f3n del cliente y la mejora continua de la eficacia del Sistema, por este motivo nos hemos certificado en las normas ISO 9001:2015, para mejorar el servicio que prestamos al sector. Durante 3 a\u00f1os hemos estado certificados en <\/span><strong><span style=\"font-size: 16px;\">IATF 16949:2016<\/span><\/strong><\/span><\/p><h1><strong><span style=\"color: #ccffff;\">Compromiso con la calidad y resultados<\/span><\/strong><\/h1><p><span style=\"color: #ccffff;\">Nos valemos de los propios indicadores de calidad e indices de satisfacci\u00f3n de cliente para corroborar los buenos resultados en el compromiso con la calidad.<\/span><\/p>\t\t\t\t\t\t<\/div>\n\t\t\t\t<\/div>\n\t\t\t\t<div class=\"elementor-element elementor-element-28fb781c elementor-align-center elementor-mobile-align-center elementor-button-info elementor-widget elementor-widget-button\" data-id=\"28fb781c\" data-element_type=\"widget\" data-widget_type=\"button.default\">\n\t\t\t\t<div class=\"elementor-widget-container\">\n\t\t\t\t\t<div class=\"elementor-button-wrapper\">\n\t\t\t<a href=\"https:\/\/gamalanmecanizados.com\/wp-content\/uploads\/2025\/06\/Politica-del-Sistema-Rev.0.pdf\" target=\"_blank\" class=\"elementor-button-link elementor-button elementor-size-sm elementor-animation-grow\" role=\"button\" id=\"https:\/\/gamalanmecanizados.com\/wp-content\/uploads\/2025\/06\/Politica-del-Sistema-Rev.0.pdf\">\n\t\t\t\t\t\t<span class=\"elementor-button-content-wrapper\">\n\t\t\t\t\t\t<span class=\"elementor-button-text\">Politica de calidad<\/span>\n\t\t<\/span>\n\t\t\t\t\t<\/a>\n\t\t<\/div>\n\t\t\t\t<\/div>\n\t\t\t\t<\/div>\n\t\t\t\t\t<\/div>\n\t\t<\/div>\n\t\t\t\t<div class=\"elementor-column elementor-col-50 elementor-top-column elementor-element elementor-element-4a536a33 elementor-invisible\" data-id=\"4a536a33\" data-element_type=\"column\" data-settings=\"{&quot;animation&quot;:&quot;bounceInRight&quot;}\">\n\t\t\t<div class=\"elementor-widget-wrap elementor-element-populated\">\n\t\t\t\t\t\t\t\t<div class=\"elementor-element elementor-element-5dc485a2 elementor-widget elementor-widget-image\" data-id=\"5dc485a2\" data-element_type=\"widget\" data-widget_type=\"image.default\">\n\t\t\t\t<div class=\"elementor-widget-container\">\n\t\t\t\t\t\t\t\t\t\t\t\t\t\t\t<img width=\"165\" height=\"300\" src=\"https:\/\/gamalanmecanizados.com\/wp-content\/uploads\/2025\/03\/RGB_ES-165x300.png\" class=\"attachment-medium size-medium\" alt=\"\" loading=\"lazy\" srcset=\"https:\/\/gamalanmecanizados.com\/wp-content\/uploads\/2025\/03\/RGB_ES-165x300.png 165w, https:\/\/gamalanmecanizados.com\/wp-content\/uploads\/2025\/03\/RGB_ES-564x1024.png 564w, https:\/\/gamalanmecanizados.com\/wp-content\/uploads\/2025\/03\/RGB_ES-768x1393.png 768w, https:\/\/gamalanmecanizados.com\/wp-content\/uploads\/2025\/03\/RGB_ES-847x1536.png 847w, https:\/\/gamalanmecanizados.com\/wp-content\/uploads\/2025\/03\/RGB_ES-1129x2048.png 1129w, https:\/\/gamalanmecanizados.com\/wp-content\/uploads\/2025\/03\/RGB_ES.png 1500w\" sizes=\"(max-width: 165px) 100vw, 165px\" \/>\t\t\t\t\t\t\t\t\t\t\t\t\t\t\t<\/div>\n\t\t\t\t<\/div>\n\t\t\t\t<div class=\"elementor-element elementor-element-c862f3b elementor-align-center elementor-mobile-align-center elementor-button-info elementor-widget elementor-widget-button\" data-id=\"c862f3b\" data-element_type=\"widget\" data-widget_type=\"button.default\">\n\t\t\t\t<div class=\"elementor-widget-container\">\n\t\t\t\t\t<div class=\"elementor-button-wrapper\">\n\t\t\t<a href=\"https:\/\/gamalanmecanizados.com\/wp-content\/uploads\/2025\/03\/9001-ENG-GAMALAN-MECANIZADOS_signed-1.pdf\" target=\"_blank\" class=\"elementor-button-link elementor-button elementor-size-sm elementor-animation-grow\" role=\"button\" id=\"https:\/\/gamalanmecanizados.com\/wp-content\/uploads\/2025\/03\/9001-ENG-GAMALAN-MECANIZADOS_signed-1.pdf\">\n\t\t\t\t\t\t<span class=\"elementor-button-content-wrapper\">\n\t\t\t\t\t\t<span class=\"elementor-button-text\">Certificacion ISO 9001<\/span>\n\t\t<\/span>\n\t\t\t\t\t<\/a>\n\t\t<\/div>\n\t\t\t\t<\/div>\n\t\t\t\t<\/div>\n\t\t\t\t\t<\/div>\n\t\t<\/div>\n\t\t\t\t\t\t\t<\/div>\n\t\t<\/section>\n\t\t\t\t<section class=\"elementor-section elementor-top-section elementor-element elementor-element-c837857 elementor-section-boxed elementor-section-height-default elementor-section-height-default\" data-id=\"c837857\" data-element_type=\"section\">\n\t\t\t\t\t\t<div class=\"elementor-container elementor-column-gap-default\">\n\t\t\t\t\t<div class=\"elementor-column elementor-col-100 elementor-top-column elementor-element elementor-element-260dc7b\" data-id=\"260dc7b\" data-element_type=\"column\">\n\t\t\t<div class=\"elementor-widget-wrap elementor-element-populated\">\n\t\t\t\t\t\t\t\t<div class=\"elementor-element elementor-element-c2788e5 elementor-widget elementor-widget-shortcode\" data-id=\"c2788e5\" data-element_type=\"widget\" data-widget_type=\"shortcode.default\">\n\t\t\t\t<div class=\"elementor-widget-container\">\n\t\t\t\t\t<div class=\"elementor-shortcode\"><\/div>\n\t\t\t\t<\/div>\n\t\t\t\t<\/div>\n\t\t\t\t\t<\/div>\n\t\t<\/div>\n\t\t\t\t\t\t\t<\/div>\n\t\t<\/section>\n\t\t\t\t\t\t<\/div>\n\t\t\t\t\t<\/div>\n\t\t","protected":false},"excerpt":{"rendered":"<p>Certificaci\u00f3n en el Sistema de Gesti\u00f3n ISO 9001:2015 La Direcci\u00f3n de\u00a0GAMALAN MECANIZADOS S.L.\u00a0enfoca el Sistema de Gesti\u00f3n como una manera de organizar el funcionamiento de la empresa partiendo de unos pilares b\u00e1sicos como son la Calidad de sus productos, la satisfacci\u00f3n del cliente y la mejora continua de la eficacia del Sistema, por este motivo &hellip;<\/p>\n<p class=\"read-more\"> <a class=\"\" href=\"https:\/\/gamalanmecanizados.com\/index.php\/calidad\/\"> <span class=\"screen-reader-text\">Calidad<\/span> Leer m\u00e1s &raquo;<\/a><\/p>\n","protected":false},"author":1,"featured_media":0,"parent":0,"menu_order":10,"comment_status":"closed","ping_status":"closed","template":"","meta":[],"_links":{"self":[{"href":"https:\/\/gamalanmecanizados.com\/index.php\/wp-json\/wp\/v2\/pages\/48"}],"collection":[{"href":"https:\/\/gamalanmecanizados.com\/index.php\/wp-json\/wp\/v2\/pages"}],"about":[{"href":"https:\/\/gamalanmecanizados.com\/index.php\/wp-json\/wp\/v2\/types\/page"}],"author":[{"embeddable":true,"href":"https:\/\/gamalanmecanizados.com\/index.php\/wp-json\/wp\/v2\/users\/1"}],"replies":[{"embeddable":true,"href":"https:\/\/gamalanmecanizados.com\/index.php\/wp-json\/wp\/v2\/comments?post=48"}],"version-history":[{"count":130,"href":"https:\/\/gamalanmecanizados.com\/index.php\/wp-json\/wp\/v2\/pages\/48\/revisions"}],"predecessor-version":[{"id":643,"href":"https:\/\/gamalanmecanizados.com\/index.php\/wp-json\/wp\/v2\/pages\/48\/revisions\/643"}],"wp:attachment":[{"href":"https:\/\/gamalanmecanizados.com\/index.php\/wp-json\/wp\/v2\/media?parent=48"}],"curies":[{"name":"wp","href":"https:\/\/api.w.org\/{rel}","templated":true}]}}